{"id":1092,"date":"2019-05-24T08:35:17","date_gmt":"2019-05-24T08:35:17","guid":{"rendered":"https:\/\/demo.ovatheme.com\/constrau\/?page_id=1092"},"modified":"2024-09-29T21:46:31","modified_gmt":"2024-09-29T21:46:31","slug":"history","status":"publish","type":"page","link":"https:\/\/alidanismanlik.com.tr\/?page_id=1092","title":{"rendered":"B\u0130Z K\u0130M\u0130Z?"},"content":{"rendered":"\t\t<div data-elementor-type=\"wp-post\" data-elementor-id=\"1092\" class=\"elementor elementor-1092\">\n\t\t\t\t\t\t\t\t\t<section class=\"elementor-section elementor-top-section elementor-element elementor-element-13672d1 elementor-section-boxed elementor-section-height-default elementor-section-height-default\" data-id=\"13672d1\" data-element_type=\"section\">\n\t\t\t\t\t\t<div class=\"elementor-container elementor-column-gap-default\">\n\t\t\t\t\t<div class=\"elementor-column elementor-col-50 elementor-top-column elementor-element elementor-element-98d723b\" data-id=\"98d723b\" data-element_type=\"column\">\n\t\t\t<div class=\"elementor-widget-wrap elementor-element-populated\">\n\t\t\t\t\t\t\t\t<div class=\"elementor-element elementor-element-9e279d1 elementor-widget elementor-widget-ova_heading\" data-id=\"9e279d1\" data-element_type=\"widget\" data-widget_type=\"ova_heading.default\">\n\t\t\t\t<div class=\"elementor-widget-container\">\n\t\t\t\t\t<div class=\"ova-heading\">\n\t\t\t\t\t\t\t\t\t\t<h3 class=\"title second_font\">Leaders always look toward the future.<\/h3>\n\t\t\t\n\t\t\t\t\t\t\t<div class=\"desc\"><p><span style=\"font-size: 18px; color: #333333;\"><strong>For more than 30 years<\/strong> <\/span>we have created and cared for the vital assets that enable societies and economies to grow: road and rail; airports, seaports, tunnels and bridges; health and education facilities; heat, light, power and water; places to live and places to work - the infrastructure that underpins all our lives and drives progress.<\/p><\/div>\n\t\t\t\t\t\t\t\t<\/div>\n\t\t\t\t<\/div>\n\t\t\t\t<\/div>\n\t\t\t\t<div class=\"elementor-element elementor-element-36db27f elementor-widget elementor-widget-text-editor\" data-id=\"36db27f\" data-element_type=\"widget\" data-widget_type=\"text-editor.default\">\n\t\t\t\t<div class=\"elementor-widget-container\">\n\t\t\t<style>\/*! elementor - v3.15.0 - 20-08-2023 *\/\n.elementor-widget-text-editor.elementor-drop-cap-view-stacked .elementor-drop-cap{background-color:#69727d;color:#fff}.elementor-widget-text-editor.elementor-drop-cap-view-framed .elementor-drop-cap{color:#69727d;border:3px solid;background-color:transparent}.elementor-widget-text-editor:not(.elementor-drop-cap-view-default) .elementor-drop-cap{margin-top:8px}.elementor-widget-text-editor:not(.elementor-drop-cap-view-default) .elementor-drop-cap-letter{width:1em;height:1em}.elementor-widget-text-editor .elementor-drop-cap{float:left;text-align:center;line-height:1;font-size:50px}.elementor-widget-text-editor .elementor-drop-cap-letter{display:inline-block}<\/style>\t\t\t\t<span style=\"color: #333333;font-size: 18px;\"><strong>From our beginnings in 1909<\/strong><\/span> we have grown to become an international business operating in emerging and mature economies alike. We are one of the few companies with the skills to deliver complex projects of huge scale and take advantage of the growth in long-term infrastructure markets.\t\t\t\t\t\t<\/div>\n\t\t\t\t<\/div>\n\t\t\t\t\t<\/div>\n\t\t<\/div>\n\t\t\t\t<div class=\"elementor-column elementor-col-50 elementor-top-column elementor-element elementor-element-0355e1d\" data-id=\"0355e1d\" data-element_type=\"column\">\n\t\t\t<div class=\"elementor-widget-wrap elementor-element-populated\">\n\t\t\t\t\t\t\t\t<div class=\"elementor-element elementor-element-330ff9d ova-image-history elementor-widget elementor-widget-image\" data-id=\"330ff9d\" data-element_type=\"widget\" data-widget_type=\"image.default\">\n\t\t\t\t<div class=\"elementor-widget-container\">\n\t\t\t<style>\/*! elementor - v3.15.0 - 20-08-2023 *\/\n.elementor-widget-image{text-align:center}.elementor-widget-image a{display:inline-block}.elementor-widget-image a img[src$=\".svg\"]{width:48px}.elementor-widget-image img{vertical-align:middle;display:inline-block}<\/style>\t\t\t\t\t\t\t\t\t\t\t\t<img decoding=\"async\" loading=\"lazy\" width=\"767\" height=\"571\" src=\"https:\/\/alidanismanlik.com.tr\/wp-content\/uploads\/2019\/05\/history_image_1.jpg\" class=\"attachment-large size-large wp-image-1103\" alt=\"\" srcset=\"https:\/\/alidanismanlik.com.tr\/wp-content\/uploads\/2019\/05\/history_image_1.jpg 767w, https:\/\/alidanismanlik.com.tr\/wp-content\/uploads\/2019\/05\/history_image_1-300x223.jpg 300w, https:\/\/alidanismanlik.com.tr\/wp-content\/uploads\/2019\/05\/history_image_1-600x447.jpg 600w\" sizes=\"(max-width: 767px) 100vw, 767px\" \/>\t\t\t\t\t\t\t\t\t\t\t\t\t\t\t<\/div>\n\t\t\t\t<\/div>\n\t\t\t\t\t<\/div>\n\t\t<\/div>\n\t\t\t\t\t\t\t<\/div>\n\t\t<\/section>\n\t\t\t\t<section class=\"elementor-section elementor-top-section elementor-element elementor-element-5252f55 elementor-section-boxed elementor-section-height-default elementor-section-height-default\" data-id=\"5252f55\" data-element_type=\"section\">\n\t\t\t\t\t\t<div class=\"elementor-container elementor-column-gap-default\">\n\t\t\t\t\t<div class=\"elementor-column elementor-col-100 elementor-top-column elementor-element elementor-element-5d36a46\" data-id=\"5d36a46\" data-element_type=\"column\">\n\t\t\t<div class=\"elementor-widget-wrap elementor-element-populated\">\n\t\t\t\t\t\t\t\t<div class=\"elementor-element elementor-element-a1add95 elementor-widget elementor-widget-ova_history\" data-id=\"a1add95\" data-element_type=\"widget\" data-widget_type=\"ova_history.default\">\n\t\t\t\t<div class=\"elementor-widget-container\">\n\t\t\t\t\t<div class=\"ova-history \">\n\t\t\t\t\t\t\t\t\t\t\t\t<div class=\"wp-item\">\n\t\t\t\t\t\t<div class=\"wp-content\">\n\t\t\t\t\t\t\t<div class=\"title\">\n\t\t\t\t\t\t\t\t\t\t\t\t\t\t\t\t\t<p>Company Founding<\/p>\n\t\t\t\t\t\t\t\t\t\t\t\t\t\t\t<\/div>\n\t\t\t\t\t\t\t<div class=\"content\">\n\t\t\t\t\t\t\t\t<div class=\"ova-media\">\n\t\t\t\t\t\t\t\t\t<img decoding=\"async\" src=\"https:\/\/demo.ovatheme.com\/constrau\/wp-content\/uploads\/2019\/05\/history_1.jpg\" alt=\"\">\n\t\t\t\t\t\t\t\t<\/div>\n\t\t\t\t\t\t\t\t<div class=\"desc\">\n\t\t\t\t\t\t\t\t\t<p>Duis pellentesque leo purus, in sollicitudin enim faucibus et. Ut dolor purus, iaculis quis leo a, volutpat porttitor purus. Nulla vel dolor quis elit varius mollis. Integer id ipsum ac est tempus ullamcorper. Etiam venenatis odio sed augue feugiat malesuada.<\/p>\n\t\t\t\t\t\t\t\t<\/div>\n\t\t\t\t\t\t\t<\/div>\n\t\t\t\t\t\t<\/div>\n\t\t\t\t\t\t<div class=\"wp-year\">\n\t\t\t\t\t\t\t<p class=\"sub-title\">Founding of the company<span class=\"ova-point\"><span><\/span><\/span><\/p>\n\t\t\t\t\t\t\t<span class=\"year second_font\">1989<\/span>\n\t\t\t\t\t\t<\/div>\n\t\t\t\t\t<\/div>\n\t\t\t\t\t\t\t\t\t<div class=\"wp-item\">\n\t\t\t\t\t\t<div class=\"wp-content\">\n\t\t\t\t\t\t\t<div class=\"title\">\n\t\t\t\t\t\t\t\t\t\t\t\t\t\t\t\t\t<p>Partnership<\/p>\n\t\t\t\t\t\t\t\t\t\t\t\t\t\t\t<\/div>\n\t\t\t\t\t\t\t<div class=\"content\">\n\t\t\t\t\t\t\t\t<div class=\"ova-media\">\n\t\t\t\t\t\t\t\t\t<img decoding=\"async\" src=\"https:\/\/demo.ovatheme.com\/constrau\/wp-content\/uploads\/2019\/05\/history_2.jpg\" alt=\"\">\n\t\t\t\t\t\t\t\t<\/div>\n\t\t\t\t\t\t\t\t<div class=\"desc\">\n\t\t\t\t\t\t\t\t\t<p>In malesuada purus dui, eu posuere risus faucibus vitae. Curabitur et elementum est. Nunc efficitur eget libero sed lobortis. Sed eget dolor sollicitudin, faucibus neque in, commodo erat. Vivamus a hendrerit diam.<\/p>\n\t\t\t\t\t\t\t\t<\/div>\n\t\t\t\t\t\t\t<\/div>\n\t\t\t\t\t\t<\/div>\n\t\t\t\t\t\t<div class=\"wp-year\">\n\t\t\t\t\t\t\t<p class=\"sub-title\">Partnership with CORPATETION<span class=\"ova-point\"><span><\/span><\/span><\/p>\n\t\t\t\t\t\t\t<span class=\"year second_font\">1995<\/span>\n\t\t\t\t\t\t<\/div>\n\t\t\t\t\t<\/div>\n\t\t\t\t\t\t\t\t\t<div class=\"wp-item\">\n\t\t\t\t\t\t<div class=\"wp-content\">\n\t\t\t\t\t\t\t<div class=\"title\">\n\t\t\t\t\t\t\t\t\t\t\t\t\t\t\t\t\t<p>International Conference Awards<\/p>\n\t\t\t\t\t\t\t\t\t\t\t\t\t\t\t<\/div>\n\t\t\t\t\t\t\t<div class=\"content\">\n\t\t\t\t\t\t\t\t<div class=\"ova-media\">\n\t\t\t\t\t\t\t\t\t<img decoding=\"async\" src=\"https:\/\/demo.ovatheme.com\/constrau\/wp-content\/uploads\/2019\/05\/history_3.jpg\" alt=\"\">\n\t\t\t\t\t\t\t\t<\/div>\n\t\t\t\t\t\t\t\t<div class=\"desc\">\n\t\t\t\t\t\t\t\t\t<p>Workplace safety and health awards - project management &amp; construction and retail businesses.Nulla vel dolor quis elit varius mollis. Integer id ipsum ac est tempus ullamcorper. Etiam venenatis odio sed augue feugiat malesuada.<\/p>\n\t\t\t\t\t\t\t\t<\/div>\n\t\t\t\t\t\t\t<\/div>\n\t\t\t\t\t\t<\/div>\n\t\t\t\t\t\t<div class=\"wp-year\">\n\t\t\t\t\t\t\t<p class=\"sub-title\">International awards<span class=\"ova-point\"><span><\/span><\/span><\/p>\n\t\t\t\t\t\t\t<span class=\"year second_font\">2001<\/span>\n\t\t\t\t\t\t<\/div>\n\t\t\t\t\t<\/div>\n\t\t\t\t\t\t\t\t\t<div class=\"wp-item\">\n\t\t\t\t\t\t<div class=\"wp-content\">\n\t\t\t\t\t\t\t<div class=\"title\">\n\t\t\t\t\t\t\t\t\t\t\t\t\t\t\t\t\t<p>ColorLex Company<\/p>\n\t\t\t\t\t\t\t\t\t\t\t\t\t\t\t<\/div>\n\t\t\t\t\t\t\t<div class=\"content\">\n\t\t\t\t\t\t\t\t<div class=\"ova-media\">\n\t\t\t\t\t\t\t\t\t<img decoding=\"async\" src=\"https:\/\/demo.ovatheme.com\/constrau\/wp-content\/uploads\/2019\/05\/history_4.jpg\" alt=\"\">\n\t\t\t\t\t\t\t\t<\/div>\n\t\t\t\t\t\t\t\t<div class=\"desc\">\n\t\t\t\t\t\t\t\t\t<p>Etiam risus metus, feugiat varius neque nec, pellentesque imperdiet odio. Nulla gravida, orci ut elementum rhoncus, augue velit ultrices velit, eget bibendum nunc tellus nec odio. Ut rhoncus faucibus neque, ut gravida urna tincidunt nec.<\/p>\n\t\t\t\t\t\t\t\t<\/div>\n\t\t\t\t\t\t\t<\/div>\n\t\t\t\t\t\t<\/div>\n\t\t\t\t\t\t<div class=\"wp-year\">\n\t\t\t\t\t\t\t<p class=\"sub-title\">Acquired COLORLEX company<span class=\"ova-point\"><span><\/span><\/span><\/p>\n\t\t\t\t\t\t\t<span class=\"year second_font\">2007<\/span>\n\t\t\t\t\t\t<\/div>\n\t\t\t\t\t<\/div>\n\t\t\t\t\t\t\t\t\t<div class=\"wp-item\">\n\t\t\t\t\t\t<div class=\"wp-content\">\n\t\t\t\t\t\t\t<div class=\"title\">\n\t\t\t\t\t\t\t\t\t\t\t\t\t\t\t\t\t<p>International leadership training<\/p>\n\t\t\t\t\t\t\t\t\t\t\t\t\t\t\t<\/div>\n\t\t\t\t\t\t\t<div class=\"content\">\n\t\t\t\t\t\t\t\t<div class=\"ova-media\">\n\t\t\t\t\t\t\t\t\t<img decoding=\"async\" src=\"https:\/\/demo.ovatheme.com\/constrau\/wp-content\/uploads\/2019\/05\/history_5.jpg\" alt=\"\">\n\t\t\t\t\t\t\t\t<\/div>\n\t\t\t\t\t\t\t\t<div class=\"desc\">\n\t\t\t\t\t\t\t\t\t<p>Integer id ipsum ac est tempus ullamcorper. Etiam venenatis odio sed augue feugiat malesuada. Ut a sollicitudin ligula, vitae lacinia mauris. Suspendisse sed lectus id felis imperdiet consectetur at et ante. Integer quis aliquet ipsum.<\/p>\n\t\t\t\t\t\t\t\t<\/div>\n\t\t\t\t\t\t\t<\/div>\n\t\t\t\t\t\t<\/div>\n\t\t\t\t\t\t<div class=\"wp-year\">\n\t\t\t\t\t\t\t<p class=\"sub-title\">Leadership organization scale<span class=\"ova-point\"><span><\/span><\/span><\/p>\n\t\t\t\t\t\t\t<span class=\"year second_font\">2013<\/span>\n\t\t\t\t\t\t<\/div>\n\t\t\t\t\t<\/div>\n\t\t\t\t\t\t\t\t\t<div class=\"wp-item\">\n\t\t\t\t\t\t<div class=\"wp-content\">\n\t\t\t\t\t\t\t<div class=\"title\">\n\t\t\t\t\t\t\t\t\t\t\t\t\t\t\t\t\t<p>Environmental Excellence<\/p>\n\t\t\t\t\t\t\t\t\t\t\t\t\t\t\t<\/div>\n\t\t\t\t\t\t\t<div class=\"content\">\n\t\t\t\t\t\t\t\t<div class=\"ova-media\">\n\t\t\t\t\t\t\t\t\t<img decoding=\"async\" src=\"https:\/\/demo.ovatheme.com\/constrau\/wp-content\/uploads\/2019\/05\/history_6.jpg\" alt=\"\">\n\t\t\t\t\t\t\t\t<\/div>\n\t\t\t\t\t\t\t\t<div class=\"desc\">\n\t\t\t\t\t\t\t\t\t<p>Etiam risus metus, feugiat varius neque nec, pellentesque imperdiet odio. Nulla gravida, orci ut elementum rhoncus, augue velit ultrices velit, eget bibendum nunc tellus nec odio. Ut rhoncus faucibus neque, ut gravida urna tincidunt nec.<\/p>\n\t\t\t\t\t\t\t\t<\/div>\n\t\t\t\t\t\t\t<\/div>\n\t\t\t\t\t\t<\/div>\n\t\t\t\t\t\t<div class=\"wp-year\">\n\t\t\t\t\t\t\t<p class=\"sub-title\">UDIA national awards<span class=\"ova-point\"><span><\/span><\/span><\/p>\n\t\t\t\t\t\t\t<span class=\"year second_font\">2019<\/span>\n\t\t\t\t\t\t<\/div>\n\t\t\t\t\t<\/div>\n\t\t\t\t\t\t\t\t\t<\/div>\n\t\t\t\t<\/div>\n\t\t\t\t<\/div>\n\t\t\t\t\t<\/div>\n\t\t<\/div>\n\t\t\t\t\t\t\t<\/div>\n\t\t<\/section>\n\t\t\t\t<section class=\"elementor-section elementor-top-section elementor-element elementor-element-2097cec elementor-section-content-middle elementor-section-boxed elementor-section-height-default elementor-section-height-default\" data-id=\"2097cec\" data-element_type=\"section\" data-settings=\"{&quot;background_background&quot;:&quot;classic&quot;}\">\n\t\t\t\t\t\t<div class=\"elementor-container elementor-column-gap-default\">\n\t\t\t\t\t<div class=\"elementor-column elementor-col-66 elementor-top-column elementor-element elementor-element-7c65ca5\" data-id=\"7c65ca5\" data-element_type=\"column\">\n\t\t\t<div class=\"elementor-widget-wrap elementor-element-populated\">\n\t\t\t\t\t\t\t\t<div class=\"elementor-element elementor-element-3f7ff8c elementor-widget elementor-widget-heading\" data-id=\"3f7ff8c\" data-element_type=\"widget\" data-widget_type=\"heading.default\">\n\t\t\t\t<div class=\"elementor-widget-container\">\n\t\t\t<style>\/*! elementor - v3.15.0 - 20-08-2023 *\/\n.elementor-heading-title{padding:0;margin:0;line-height:1}.elementor-widget-heading .elementor-heading-title[class*=elementor-size-]>a{color:inherit;font-size:inherit;line-height:inherit}.elementor-widget-heading .elementor-heading-title.elementor-size-small{font-size:15px}.elementor-widget-heading .elementor-heading-title.elementor-size-medium{font-size:19px}.elementor-widget-heading .elementor-heading-title.elementor-size-large{font-size:29px}.elementor-widget-heading .elementor-heading-title.elementor-size-xl{font-size:39px}.elementor-widget-heading .elementor-heading-title.elementor-size-xxl{font-size:59px}<\/style><h4 class=\"elementor-heading-title elementor-size-default\">Are you looking for a reputable & quality contractor? <\/h4>\t\t<\/div>\n\t\t\t\t<\/div>\n\t\t\t\t\t<\/div>\n\t\t<\/div>\n\t\t\t\t<div class=\"elementor-column elementor-col-33 elementor-top-column elementor-element elementor-element-a270e7c\" data-id=\"a270e7c\" data-element_type=\"column\">\n\t\t\t<div class=\"elementor-widget-wrap elementor-element-populated\">\n\t\t\t\t\t\t\t\t<div class=\"elementor-element elementor-element-1bf3810 elementor-align-right elementor-mobile-align-center elementor-widget elementor-widget-button\" data-id=\"1bf3810\" data-element_type=\"widget\" data-widget_type=\"button.default\">\n\t\t\t\t<div class=\"elementor-widget-container\">\n\t\t\t\t\t<div class=\"elementor-button-wrapper\">\n\t\t\t<a class=\"elementor-button elementor-button-link elementor-size-sm\" href=\"#\">\n\t\t\t\t\t\t<span class=\"elementor-button-content-wrapper\">\n\t\t\t\t\t\t<span class=\"elementor-button-text\">Contact Us<\/span>\n\t\t<\/span>\n\t\t\t\t\t<\/a>\n\t\t<\/div>\n\t\t\t\t<\/div>\n\t\t\t\t<\/div>\n\t\t\t\t\t<\/div>\n\t\t<\/div>\n\t\t\t\t\t\t\t<\/div>\n\t\t<\/section>\n\t\t\t\t\t\t\t<\/div>\n\t\t","protected":false},"excerpt":{"rendered":"<p>Leaders always look toward the future. For more than 30 years we have created and cared for the vital assets that enable societies and economies to grow: road and rail; airports, seaports, tunnels and bridges; health and education facilities; heat, light, power and water; places to live and places to work &#8211; the infrastructure that [&hellip;]<\/p>\n","protected":false},"author":3,"featured_media":0,"parent":0,"menu_order":0,"comment_status":"closed","ping_status":"closed","template":"elementor_header_footer","meta":{"footnotes":""},"_links":{"self":[{"href":"https:\/\/alidanismanlik.com.tr\/index.php?rest_route=\/wp\/v2\/pages\/1092"}],"collection":[{"href":"https:\/\/alidanismanlik.com.tr\/index.php?rest_route=\/wp\/v2\/pages"}],"about":[{"href":"https:\/\/alidanismanlik.com.tr\/index.php?rest_route=\/wp\/v2\/types\/page"}],"author":[{"embeddable":true,"href":"https:\/\/alidanismanlik.com.tr\/index.php?rest_route=\/wp\/v2\/users\/3"}],"replies":[{"embeddable":true,"href":"https:\/\/alidanismanlik.com.tr\/index.php?rest_route=%2Fwp%2Fv2%2Fcomments&post=1092"}],"version-history":[{"count":2,"href":"https:\/\/alidanismanlik.com.tr\/index.php?rest_route=\/wp\/v2\/pages\/1092\/revisions"}],"predecessor-version":[{"id":3130,"href":"https:\/\/alidanismanlik.com.tr\/index.php?rest_route=\/wp\/v2\/pages\/1092\/revisions\/3130"}],"wp:attachment":[{"href":"https:\/\/alidanismanlik.com.tr\/index.php?rest_route=%2Fwp%2Fv2%2Fmedia&parent=1092"}],"curies":[{"name":"wp","href":"https:\/\/api.w.org\/{rel}","templated":true}]}}